{"id":157,"date":"2019-03-07T03:41:18","date_gmt":"2019-03-06T18:41:18","guid":{"rendered":"http:\/\/nypg.pw\/wp\/?page_id=157"},"modified":"2019-05-01T21:56:10","modified_gmt":"2019-05-01T12:56:10","slug":"contact","status":"publish","type":"page","link":"https:\/\/www.giftfromny.com\/blog\/contact","title":{"rendered":"\u304a\u554f\u3044\u5408\u308f\u305b"},"content":{"rendered":"<h2>\u304a\u554f\u3044\u5408\u308f\u305b<\/h2>\n<p><img decoding=\"async\" src=\"https:\/\/www.giftfromny.com\/blog\/wp-content\/uploads\/2019\/05\/shutterstock_105789410.jpg\" alt=\"\" width=\"600\" class=\"alignnone size-medium wp-image-228\" srcset=\"https:\/\/www.giftfromny.com\/blog\/wp-content\/uploads\/2019\/05\/shutterstock_105789410.jpg 1000w, https:\/\/www.giftfromny.com\/blog\/wp-content\/uploads\/2019\/05\/shutterstock_105789410-300x200.jpg 300w, https:\/\/www.giftfromny.com\/blog\/wp-content\/uploads\/2019\/05\/shutterstock_105789410-768x511.jpg 768w\" sizes=\"(max-width: 1000px) 100vw, 1000px\" \/><\/p>\n<p>\u5546\u54c1\u3084\u30b5\u30fc\u30d3\u30b9\u3001\u672c\u30b5\u30a4\u30c8\u306e\u5185\u5bb9\u306b\u95a2\u3057\u307e\u3057\u3066\u3054\u4e0d\u660e\u306a\u70b9\u304c\u3054\u3056\u3044\u307e\u3057\u305f\u3089\u3001\u4ee5\u4e0b\u306e\u30d5\u30a9\u30fc\u30e0\u3088\u308a\u304a\u6c17\u8efd\u306b\u304a\u554f\u3044\u5408\u308f\u305b\u304f\u3060\u3055\u3044\u3002<\/p>\n\n<div class=\"wpcf7 no-js\" id=\"wpcf7-f65-o1\" lang=\"ja\" dir=\"ltr\">\n<div class=\"screen-reader-response\"><p role=\"status\" aria-live=\"polite\" aria-atomic=\"true\"><\/p> <ul><\/ul><\/div>\n<form action=\"\/blog\/wp-json\/wp\/v2\/pages\/157#wpcf7-f65-o1\" method=\"post\" class=\"wpcf7-form init\" aria-label=\"\u30b3\u30f3\u30bf\u30af\u30c8\u30d5\u30a9\u30fc\u30e0\" novalidate=\"novalidate\" data-status=\"init\">\n<div style=\"display: none;\">\n<input type=\"hidden\" name=\"_wpcf7\" value=\"65\" \/>\n<input type=\"hidden\" name=\"_wpcf7_version\" value=\"5.7.3\" \/>\n<input type=\"hidden\" name=\"_wpcf7_locale\" value=\"ja\" \/>\n<input type=\"hidden\" name=\"_wpcf7_unit_tag\" value=\"wpcf7-f65-o1\" \/>\n<input type=\"hidden\" name=\"_wpcf7_container_post\" value=\"0\" \/>\n<input type=\"hidden\" name=\"_wpcf7_posted_data_hash\" value=\"\" \/>\n<\/div>\n<p class=\"c1\"><span class=\"m-alert\">\u5fc5\u9808<\/span>\u304a\u540d\u524d\n<\/p>\n<p><span class=\"wpcf7-form-control-wrap\" data-name=\"your-name\"><input size=\"40\" class=\"wpcf7-form-control wpcf7-text wpcf7-validates-as-required\" aria-required=\"true\" aria-invalid=\"false\" placeholder=\"\u4f8b\uff1a\u5c71\u7530\u592a\u90ce\" value=\"\" type=\"text\" name=\"your-name\" \/><\/span>\n<\/p>\n<p class=\"c1\"><span class=\"m-alert\">\u5fc5\u9808<\/span>\u30e1\u30fc\u30eb\u30a2\u30c9\u30ec\u30b9\n<\/p>\n<p><span class=\"wpcf7-form-control-wrap\" data-name=\"your-email\"><input size=\"40\" class=\"wpcf7-form-control wpcf7-text wpcf7-email wpcf7-validates-as-required wpcf7-validates-as-email\" aria-required=\"true\" aria-invalid=\"false\" placeholder=\"\u4f8b\uff1a\u00d7\u00d7\u00d7@\u00d7\u00d7\u00d7.com\" value=\"\" type=\"email\" name=\"your-email\" \/><\/span>\n<\/p>\n<p class=\"c1 last\"><span class=\"m-alert\">\u5fc5\u9808<\/span>\u304a\u554f\u3044\u5408\u308f\u305b\u5185\u5bb9\n<\/p>\n<p><span class=\"wpcf7-form-control-wrap\" data-name=\"your-message\"><textarea cols=\"40\" rows=\"10\" class=\"wpcf7-form-control wpcf7-textarea wpcf7-validates-as-required\" aria-required=\"true\" aria-invalid=\"false\" placeholder=\"\u304a\u554f\u3044\u5408\u308f\u305b\u5185\u5bb9\u3092\u306a\u308b\u3079\u304f\u8a73\u7d30\u306b\u66f8\u3044\u3066\u304f\u3060\u3055\u3044\" name=\"your-message\"><\/textarea><\/span>\n<\/p>\n<p><br clear=\"both\" \/>\n<\/p>\n<p class=\"c3 last\"><input class=\"wpcf7-form-control has-spinner wpcf7-submit\" type=\"submit\" value=\"\u9001\u4fe1\" \/>\n<\/p><div class=\"wpcf7-response-output\" aria-hidden=\"true\"><\/div>\n<\/form>\n<\/div>\n\n","protected":false},"excerpt":{"rendered":"<p>\u304a\u554f\u3044\u5408\u308f\u305b \u5546\u54c1\u3084\u30b5\u30fc\u30d3\u30b9\u3001\u672c\u30b5\u30a4\u30c8\u306e\u5185\u5bb9\u306b\u95a2\u3057\u307e\u3057\u3066\u3054\u4e0d\u660e\u306a\u70b9\u304c\u3054\u3056\u3044\u307e\u3057\u305f\u3089\u3001\u4ee5\u4e0b\u306e\u30d5\u30a9\u30fc\u30e0\u3088\u308a\u304a\u6c17\u8efd\u306b\u304a\u554f\u3044\u5408\u308f\u2026<\/p>\n","protected":false},"author":3,"featured_media":0,"parent":0,"menu_order":0,"comment_status":"closed","ping_status":"closed","template":"","meta":{"_exactmetrics_skip_tracking":false,"_exactmetrics_sitenote_active":false,"_exactmetrics_sitenote_note":"","_exactmetrics_sitenote_category":0},"yoast_head":"<!-- This site is optimized with the Yoast SEO plugin v20.0 - https:\/\/yoast.com\/wordpress\/plugins\/seo\/ -->\n<title>\u304a\u554f\u3044\u5408\u308f\u305b - Gift from New York - \u30cb\u30e5\u30fc\u30e8\u30fc\u30af\u304b\u3089\u306e\u8d08\u308a\u7269<\/title>\n<meta name=\"robots\" content=\"index, follow, max-snippet:-1, max-image-preview:large, max-video-preview:-1\" \/>\n<link rel=\"canonical\" href=\"https:\/\/www.giftfromny.com\/blog\/contact\" \/>\n<meta property=\"og:locale\" content=\"ja_JP\" \/>\n<meta property=\"og:type\" content=\"article\" \/>\n<meta property=\"og:title\" content=\"\u304a\u554f\u3044\u5408\u308f\u305b - Gift from New York - \u30cb\u30e5\u30fc\u30e8\u30fc\u30af\u304b\u3089\u306e\u8d08\u308a\u7269\" \/>\n<meta property=\"og:description\" content=\"\u304a\u554f\u3044\u5408\u308f\u305b \u5546\u54c1\u3084\u30b5\u30fc\u30d3\u30b9\u3001\u672c\u30b5\u30a4\u30c8\u306e\u5185\u5bb9\u306b\u95a2\u3057\u307e\u3057\u3066\u3054\u4e0d\u660e\u306a\u70b9\u304c\u3054\u3056\u3044\u307e\u3057\u305f\u3089\u3001\u4ee5\u4e0b\u306e\u30d5\u30a9\u30fc\u30e0\u3088\u308a\u304a\u6c17\u8efd\u306b\u304a\u554f\u3044\u5408\u308f\u2026\" \/>\n<meta property=\"og:url\" content=\"https:\/\/www.giftfromny.com\/blog\/contact\" \/>\n<meta property=\"og:site_name\" content=\"Gift from New York - \u30cb\u30e5\u30fc\u30e8\u30fc\u30af\u304b\u3089\u306e\u8d08\u308a\u7269\" \/>\n<meta property=\"article:modified_time\" content=\"2019-05-01T12:56:10+00:00\" \/>\n<meta property=\"og:image\" content=\"https:\/\/www.giftfromny.com\/blog\/wp-content\/uploads\/2019\/05\/shutterstock_105789410.jpg\" \/>\n<meta name=\"twitter:card\" content=\"summary_large_image\" \/>\n<script type=\"application\/ld+json\" class=\"yoast-schema-graph\">{\"@context\":\"https:\/\/schema.org\",\"@graph\":[{\"@type\":\"WebPage\",\"@id\":\"https:\/\/www.giftfromny.com\/blog\/contact\",\"url\":\"https:\/\/www.giftfromny.com\/blog\/contact\",\"name\":\"\u304a\u554f\u3044\u5408\u308f\u305b - Gift from New York - \u30cb\u30e5\u30fc\u30e8\u30fc\u30af\u304b\u3089\u306e\u8d08\u308a\u7269\",\"isPartOf\":{\"@id\":\"https:\/\/www.giftfromny.com\/blog\/#website\"},\"datePublished\":\"2019-03-06T18:41:18+00:00\",\"dateModified\":\"2019-05-01T12:56:10+00:00\",\"breadcrumb\":{\"@id\":\"https:\/\/www.giftfromny.com\/blog\/contact#breadcrumb\"},\"inLanguage\":\"ja\",\"potentialAction\":[{\"@type\":\"ReadAction\",\"target\":[\"https:\/\/www.giftfromny.com\/blog\/contact\"]}]},{\"@type\":\"BreadcrumbList\",\"@id\":\"https:\/\/www.giftfromny.com\/blog\/contact#breadcrumb\",\"itemListElement\":[{\"@type\":\"ListItem\",\"position\":1,\"name\":\"\u30db\u30fc\u30e0\",\"item\":\"https:\/\/www.giftfromny.com\/blog\"},{\"@type\":\"ListItem\",\"position\":2,\"name\":\"\u304a\u554f\u3044\u5408\u308f\u305b\"}]},{\"@type\":\"WebSite\",\"@id\":\"https:\/\/www.giftfromny.com\/blog\/#website\",\"url\":\"https:\/\/www.giftfromny.com\/blog\/\",\"name\":\"Gift from New York - \u30cb\u30e5\u30fc\u30e8\u30fc\u30af\u304b\u3089\u306e\u8d08\u308a\u7269\",\"description\":\"\u30cb\u30e5\u30fc\u30e8\u30fc\u30af\u306b\u62e0\u70b9\u3092\u7f6e\u304f\u30b8\u30e5\u30a8\u30ea\u30fc\u30b7\u30e7\u30c3\u30d7\u300c\u30cb\u30e5\u30fc\u30e8\u30fc\u30af\u304b\u3089\u306e\u8d08\u308a\u7269\u300d\u306e\u516c\u5f0f\u30d6\u30ed\u30b0\",\"potentialAction\":[{\"@type\":\"SearchAction\",\"target\":{\"@type\":\"EntryPoint\",\"urlTemplate\":\"https:\/\/www.giftfromny.com\/blog\/?s={search_term_string}\"},\"query-input\":\"required name=search_term_string\"}],\"inLanguage\":\"ja\"}]}<\/script>\n<!-- \/ Yoast SEO plugin. -->","yoast_head_json":{"title":"\u304a\u554f\u3044\u5408\u308f\u305b - Gift from New York - \u30cb\u30e5\u30fc\u30e8\u30fc\u30af\u304b\u3089\u306e\u8d08\u308a\u7269","robots":{"index":"index","follow":"follow","max-snippet":"max-snippet:-1","max-image-preview":"max-image-preview:large","max-video-preview":"max-video-preview:-1"},"canonical":"https:\/\/www.giftfromny.com\/blog\/contact","og_locale":"ja_JP","og_type":"article","og_title":"\u304a\u554f\u3044\u5408\u308f\u305b - Gift from New York - \u30cb\u30e5\u30fc\u30e8\u30fc\u30af\u304b\u3089\u306e\u8d08\u308a\u7269","og_description":"\u304a\u554f\u3044\u5408\u308f\u305b \u5546\u54c1\u3084\u30b5\u30fc\u30d3\u30b9\u3001\u672c\u30b5\u30a4\u30c8\u306e\u5185\u5bb9\u306b\u95a2\u3057\u307e\u3057\u3066\u3054\u4e0d\u660e\u306a\u70b9\u304c\u3054\u3056\u3044\u307e\u3057\u305f\u3089\u3001\u4ee5\u4e0b\u306e\u30d5\u30a9\u30fc\u30e0\u3088\u308a\u304a\u6c17\u8efd\u306b\u304a\u554f\u3044\u5408\u308f\u2026","og_url":"https:\/\/www.giftfromny.com\/blog\/contact","og_site_name":"Gift from New York - \u30cb\u30e5\u30fc\u30e8\u30fc\u30af\u304b\u3089\u306e\u8d08\u308a\u7269","article_modified_time":"2019-05-01T12:56:10+00:00","og_image":[{"url":"https:\/\/www.giftfromny.com\/blog\/wp-content\/uploads\/2019\/05\/shutterstock_105789410.jpg"}],"twitter_card":"summary_large_image","schema":{"@context":"https:\/\/schema.org","@graph":[{"@type":"WebPage","@id":"https:\/\/www.giftfromny.com\/blog\/contact","url":"https:\/\/www.giftfromny.com\/blog\/contact","name":"\u304a\u554f\u3044\u5408\u308f\u305b - Gift from New York - \u30cb\u30e5\u30fc\u30e8\u30fc\u30af\u304b\u3089\u306e\u8d08\u308a\u7269","isPartOf":{"@id":"https:\/\/www.giftfromny.com\/blog\/#website"},"datePublished":"2019-03-06T18:41:18+00:00","dateModified":"2019-05-01T12:56:10+00:00","breadcrumb":{"@id":"https:\/\/www.giftfromny.com\/blog\/contact#breadcrumb"},"inLanguage":"ja","potentialAction":[{"@type":"ReadAction","target":["https:\/\/www.giftfromny.com\/blog\/contact"]}]},{"@type":"BreadcrumbList","@id":"https:\/\/www.giftfromny.com\/blog\/contact#breadcrumb","itemListElement":[{"@type":"ListItem","position":1,"name":"\u30db\u30fc\u30e0","item":"https:\/\/www.giftfromny.com\/blog"},{"@type":"ListItem","position":2,"name":"\u304a\u554f\u3044\u5408\u308f\u305b"}]},{"@type":"WebSite","@id":"https:\/\/www.giftfromny.com\/blog\/#website","url":"https:\/\/www.giftfromny.com\/blog\/","name":"Gift from New York - \u30cb\u30e5\u30fc\u30e8\u30fc\u30af\u304b\u3089\u306e\u8d08\u308a\u7269","description":"\u30cb\u30e5\u30fc\u30e8\u30fc\u30af\u306b\u62e0\u70b9\u3092\u7f6e\u304f\u30b8\u30e5\u30a8\u30ea\u30fc\u30b7\u30e7\u30c3\u30d7\u300c\u30cb\u30e5\u30fc\u30e8\u30fc\u30af\u304b\u3089\u306e\u8d08\u308a\u7269\u300d\u306e\u516c\u5f0f\u30d6\u30ed\u30b0","potentialAction":[{"@type":"SearchAction","target":{"@type":"EntryPoint","urlTemplate":"https:\/\/www.giftfromny.com\/blog\/?s={search_term_string}"},"query-input":"required name=search_term_string"}],"inLanguage":"ja"}]}},"_links":{"self":[{"href":"https:\/\/www.giftfromny.com\/blog\/wp-json\/wp\/v2\/pages\/157"}],"collection":[{"href":"https:\/\/www.giftfromny.com\/blog\/wp-json\/wp\/v2\/pages"}],"about":[{"href":"https:\/\/www.giftfromny.com\/blog\/wp-json\/wp\/v2\/types\/page"}],"author":[{"embeddable":true,"href":"https:\/\/www.giftfromny.com\/blog\/wp-json\/wp\/v2\/users\/3"}],"replies":[{"embeddable":true,"href":"https:\/\/www.giftfromny.com\/blog\/wp-json\/wp\/v2\/comments?post=157"}],"version-history":[{"count":2,"href":"https:\/\/www.giftfromny.com\/blog\/wp-json\/wp\/v2\/pages\/157\/revisions"}],"predecessor-version":[{"id":230,"href":"https:\/\/www.giftfromny.com\/blog\/wp-json\/wp\/v2\/pages\/157\/revisions\/230"}],"wp:attachment":[{"href":"https:\/\/www.giftfromny.com\/blog\/wp-json\/wp\/v2\/media?parent=157"}],"curies":[{"name":"wp","href":"https:\/\/api.w.org\/{rel}","templated":true}]}}